{"id":63,"date":"2024-02-07T18:20:40","date_gmt":"2024-02-07T18:20:40","guid":{"rendered":"https:\/\/webcast.mini-veranstaltungen.de\/?page_id=63"},"modified":"2024-02-07T18:31:51","modified_gmt":"2024-02-07T18:31:51","slug":"datenschutz","status":"publish","type":"page","link":"https:\/\/webcast.mini-veranstaltungen.de\/index.php\/datenschutz\/","title":{"rendered":"Datenschutz"},"content":{"rendered":"<p>[et_pb_section fb_built=&#8220;1&#8243; _builder_version=&#8220;4.23.4&#8243; _module_preset=&#8220;default&#8220; global_colors_info=&#8220;{}&#8220;][et_pb_row _builder_version=&#8220;4.23.4&#8243; _module_preset=&#8220;default&#8220; global_colors_info=&#8220;{}&#8220;][et_pb_column type=&#8220;4_4&#8243; _builder_version=&#8220;4.23.4&#8243; _module_preset=&#8220;default&#8220; global_colors_info=&#8220;{}&#8220;][et_pb_text _builder_version=&#8220;4.23.4&#8243; _module_preset=&#8220;default&#8220; header_font=&#8220;MINISerif-Headline||||||||&#8220; header_2_font=&#8220;MINISerif-Headline||||||||&#8220; header_3_font=&#8220;MINISerif-Headline||||||||&#8220; global_colors_info=&#8220;{}&#8220;]<\/p>\n<div ng-class=\"::c\" ng-include=\"::u\" ng-style=\"::s\" ng-show=\"::v\" cnt=\"::child\" ctx=\"::context\" cfg=\"::config\" cat=\"::category\" prf=\"::resourcesPrefix\" ng-repeat=\"child in ::container.children\" aria-hidden=\"false\" class=\"common-text\">\n<div class=\"ht-inner\" ng-class=\"::tc\" ng-bind-html=\"::container.properties.text\">\n<h2><b><span style=\"color: #000000;\">DATENSCHUTZ.<\/span><\/b><\/h2>\n<h4><b><span style=\"color: #000000;\"><br \/>RECHTLICHE INFORMATIONEN ZUM DATENSCHUTZ (DATENSCHUTZHINWEIS).<\/span><\/b><\/h4>\n<\/div>\n<\/div>\n<div ng-class=\"::c\" ng-include=\"::u\" ng-style=\"::s\" ng-show=\"::v\" cnt=\"::child\" ctx=\"::context\" cfg=\"::config\" cat=\"::category\" prf=\"::resourcesPrefix\" ng-repeat=\"child in ::container.children\" aria-hidden=\"false\" class=\"common-text\">\n<div class=\"ht-inner\" ng-class=\"::tc\" ng-bind-html=\"::container.properties.text\">\n<p><span style=\"color: #000000;\">Wir behandeln Ihre Daten nach denselben hohen Standards, die Sie von unseren Produkten und Dienstleistungen erwarten. Die Vertraulichkeit und Integrit\u00e4t Ihrer pers\u00f6nlichen Daten liegen uns besonders am Herzen.<\/span><\/p>\n<h4><span style=\"color: #000000;\"><b>WER IST F\u00dcR DIE DATENVERARBEITUNG VERANTWORTLICH?<\/b><\/span><\/h4>\n<p><span style=\"color: #000000;\">Die Bayerische Motoren Werke Aktiengesellschaft, Petuelring 130, 80788 M\u00fcnchen, Sitz und Registergericht: M\u00fcnchen HRB 42243 (nachfolgend &#8222;BMW&#8220;), ist der Anbieter der Website www.mini-veranstaltungen.de. BMW bietet die Event-Services f\u00fcr diverse Veranstaltungen der Marke MINI (nachfolgend &#8222;Event-Services&#8220;) an und ist f\u00fcr die Datenverarbeitung im Zusammenhang mit der Nutzung der Website verantwortlich.<\/span><\/p>\n<h4><b><span style=\"color: #000000;\">WELCHE DATEN VERARBEITEN WIR UND ZU WELCHEM ZWECK?<br \/><\/span><\/b><\/h4>\n<p><span style=\"color: #000000;\">Die im Zusammenhang mit dem Vertragsabschluss oder der Erbringung der Event-Services erfassten Daten werden zu folgenden Zwecken verarbeitet:<\/span><\/p>\n<p><b><span style=\"color: #000000;\">A. Erf\u00fcllung der vertraglichen Verpflichtung zur Erbringung von Event-Services (Artikel 6 Abs. 1 lit. b DSGVO)<br \/><\/span><\/b><span style=\"color: #000000;\">Zum Zweck der Erf\u00fcllung des zwischen Ihnen und BMW abgeschlossenen Vertrags \u00fcber die Event-Services stellt BMW verschiedene Dienstleistungen zur Verf\u00fcgung, wie die Teilnahme an MINI Veranstaltungen.<\/span><\/p>\n<p><span style=\"color: #000000;\">Zur Erbringung dieser Dienstleistungen werden die folgenden potenziell pers\u00f6nlichen Informationen des Teilnehmers zur Bereitstellung von Dienstleistungen durch BMW und beauftragte Dienstleister verarbeitet:<\/span><\/p>\n<ul>\n<li><span style=\"color: #000000;\">Anrede, Titel, Vor- und Nachname &#8211; erforderlich<\/span><\/li>\n<li><span style=\"color: #000000;\">Unternehmen, Abteilung &#8211; erforderlich<\/span><\/li>\n<li><span style=\"color: #000000;\">Unternehmensadresse &#8211; erforderlich<\/span><\/li>\n<li><span style=\"color: #000000;\">E-Mail-Adresse &#8211; erforderlich<\/span><\/li>\n<li><span style=\"color: #000000;\">Biologische Daten (Geburtstag, Geschlecht) &#8211; erforderlich<\/span><\/li>\n<li><span style=\"color: #000000;\">Soziokulturelle Daten (Nationalit\u00e4t) &#8211; erforderlich<br \/>Teilnahme an Workshops und anderen (unterst\u00fctzenden) Programmpunkten &#8211; erforderlich<\/span><\/li>\n<li><span style=\"color: #000000;\">Hotel: An- und Abreisedatum, besondere W\u00fcnsche; zus\u00e4tzliche \u00dcbernachtung nach dem Event und gew\u00fcnschte Zimmerkategorie &#8211; erforderlich<\/span><\/li>\n<li><span style=\"color: #000000;\">An- und Abreise: An-\/Abreisemittel und -zeiten; Zug- und Flugnummern und Details des Shuttle-Transfers, falls zutreffend, sowie sonstige Hinweise zur An-\/Abreise &#8211; erforderlich<\/span><\/li>\n<li><span style=\"color: #000000;\">Personenbezogene Gesundheitsdaten &#8211; optional<br \/>Informationen zu vegetarischer\/veganer Ern\u00e4hrung; Allergien und sonstige Hinweise zu Essgewohnheiten &#8211; optional<\/span><\/li>\n<\/ul>\n<p><span style=\"color: #000000;\">Die Bereitstellung der optionalen Daten ist f\u00fcr den Abschluss des Vertrags \u00fcber die Event-Services nicht erforderlich.<\/span><\/p>\n<p><span style=\"color: #000000;\">Die verarbeiteten personenbezogenen Daten werden 4-6 Wochen nach dem Event gel\u00f6scht, es sei denn, sie werden l\u00e4nger f\u00fcr die Erbringung der besonderen Dienstleistung ben\u00f6tigt.<\/span><\/p>\n<p><b><span style=\"color: #000000;\">B. Erf\u00fcllung der BMW auferlegten gesetzlichen Verpflichtungen (Artikel 6 Abs. 1 lit. c DSGVO)<br \/><\/span><\/b><span style=\"color: #000000;\">Dar\u00fcber hinaus verarbeitet BMW auch personenbezogene Daten, wenn hierzu eine gesetzliche Verpflichtung besteht.<\/span><\/p>\n<p><span style=\"color: #000000;\">BMW unterliegt einer Vielzahl weiterer gesetzlicher Verpflichtungen. Um diese Verpflichtungen zu erf\u00fcllen, verarbeiten wir Ihre Daten in dem erforderlichen Umfang und geben sie gegebenenfalls gem\u00e4\u00df den gesetzlichen Meldepflichten an die zust\u00e4ndigen Beh\u00f6rden weiter.<\/span><\/p>\n<p><span style=\"color: #000000;\">Gegebenenfalls werden wir Ihre Daten im Falle eines Rechtsstreits verarbeiten, wenn der Rechtsstreit dies erfordert.<\/span><\/p>\n<p><b><span style=\"color: #000000;\">C. \u00dcbermittlung von Daten an ausgew\u00e4hlte Dritte<br \/><\/span><\/b><span style=\"color: #000000;\">Daten werden an folgende Unternehmen weitergeleitet, wenn und soweit die erforderlichen datenschutzrechtlichen Anforderungen erf\u00fcllt sind:<\/span><\/p>\n<p><span style=\"color: #000000;\">An Gesch\u00e4ftspartner, Unterkunftsanbieter, Catering-Anbieter, Transfer-Anbieter (zur Erf\u00fcllung der Durchf\u00fchrung der Event-Services).<br \/>An sorgf\u00e4ltig ausgew\u00e4hlte und gepr\u00fcfte Dienstleister und Gesch\u00e4ftspartner, mit denen wir zusammenarbeiten, um Ihnen Event-Services anzubieten (zur Erf\u00fcllung der Durchf\u00fchrung der Event-Services).<\/span><\/p>\n<p><span style=\"color: #000000;\">An andere Dritte (z. B. \u00f6ffentliche Stellen), soweit wir dazu gesetzlich verpflichtet sind.<\/span><\/p>\n<h4><span style=\"color: #000000;\"><br \/><b>WIE LANGE SPEICHERN WIR IHRE DATEN?<\/b><\/span><\/h4>\n<p><span style=\"color: #000000;\">Wir speichern Ihre pers\u00f6nlichen Daten nur so lange, wie es der jeweilige Zweck erfordert. Wenn Daten f\u00fcr mehrere Zwecke verarbeitet werden, werden die Daten automatisch gel\u00f6scht oder in einer Form gespeichert, die nicht mehr direkt auf Sie zur\u00fcckverfolgt werden kann, sobald der letzte angegebene Zweck erf\u00fcllt ist.<\/span><\/p>\n<p>&nbsp;<\/p>\n<h4><b><span style=\"color: #000000;\">WIE WERDEN IHRE DATEN GESPEICHERT?<\/span><\/b><\/h4>\n<p><span style=\"color: #000000;\">Wir speichern Ihre Daten auf dem aktuellen Stand der Technik. Zum Schutz Ihrer pers\u00f6nlichen Informationen vor Missbrauch oder sonstiger unbefugter Verarbeitung werden beispielsweise folgende Sicherheitsvorkehrungen getroffen:<\/span><\/p>\n<ul>\n<li><span style=\"color: #000000;\">Der Zugang zu personenbezogenen Daten ist auf eine begrenzte Anzahl autorisierter Personen ausschlie\u00dflich f\u00fcr die genannten Zwecke beschr\u00e4nkt.\u00a0<\/span><\/li>\n<li><span style=\"color: #000000;\">Die erfassten Daten werden nur in verschl\u00fcsselter Form \u00fcbermittelt.<\/span><\/li>\n<li><span style=\"color: #000000;\">Sensible Daten werden nur in verschl\u00fcsselter Form gespeichert.<\/span><\/li>\n<li><span style=\"color: #000000;\">Die IT-Systeme zur Verarbeitung der Daten sind technisch von anderen Systemen isoliert, um unbefugten Zugriff, z. B. durch Hacking, zu verhindern.<\/span><\/li>\n<li><span style=\"color: #000000;\"><span style=\"color: #000000;\"><span style=\"color: #000000;\">Dar\u00fcber hinaus wird der Zugang zu diesen IT-Systemen kontinuierlich \u00fcberwacht, um Missbrauch fr\u00fchzeitig zu erkennen und abzuwehren.<\/span><\/span><\/span>\n<p>&nbsp;<\/p>\n<\/li>\n<\/ul>\n<h4><b><span style=\"color: #000000;\">MIT WEM TEILEN WIR INFORMATIONEN UND WIE SCH\u00dcTZEN WIR SIE?<\/span><\/b><\/h4>\n<p><span style=\"color: #000000;\">BMW ist ein Unternehmen mit internationalem Auftritt. Personenbezogene Daten werden vorzugsweise innerhalb der EU von BMW-Mitarbeitern, nationalen Vertriebsgesellschaften und von uns beauftragten Dienstleistern verarbeitet.<\/span><\/p>\n<p><span style=\"color: #000000;\">Wenn Daten in L\u00e4ndern au\u00dferhalb der EU verarbeitet werden, stellt BMW sicher, dass Ihre personenbezogenen Daten gem\u00e4\u00df europ\u00e4ischen Datenschutzstandards durch EU-Standardvertr\u00e4ge, einschlie\u00dflich der geeigneten technischen und organisatorischen Ma\u00dfnahmen, verarbeitet werden. Wenn Sie die spezifischen Schutzma\u00dfnahmen f\u00fcr die \u00dcbermittlung von Daten in andere L\u00e4nder einsehen m\u00f6chten, kontaktieren Sie uns bitte \u00fcber die unten aufgef\u00fchrten Kommunikationskan\u00e4le.<\/span><\/p>\n<p><span style=\"color: #000000;\"><b>Wie k\u00f6nnen Sie Ihre Datenschutzeinstellungen anzeigen und \u00e4ndern?<br \/><\/b><\/span><span style=\"color: #000000;\">Sie k\u00f6nnen die relevanten Datenschutzeinstellungen im Event-Services-Portal jederzeit anzeigen und \u00e4ndern.<\/span><\/p>\n<p><span style=\"color: #000000;\"><b>Kontaktdaten, Betroffenenrechte und Ihr Recht, sich bei einer Aufsichtsbeh\u00f6rde zu beschweren.<br \/><\/b><\/span><span style=\"color: #000000;\">Wenn Sie Fragen zur Art und Weise haben, wie wir Ihre personenbezogenen Daten nutzen, wenden Sie sich bitte an den Datenschutzbeauftragten von BMW:<\/span><\/p>\n<p><b><span style=\"color: #000000;\">Datenschutzbeauftragter<\/span><\/b><\/p>\n<p><span style=\"color: #000000;\">BMW AG<br \/>Petuelring 130<br \/>80788 M\u00fcnchen, Deutschland<\/span><\/p>\n<p><a href=\"mailto:datenschutz@bmw.de\" target=\"\" rel=\"noopener\"><span style=\"color: #000000;\">datenschutz@bmw.de<\/span><\/a><\/p>\n<p><span style=\"color: #000000;\">Als betroffene Person, deren Daten verarbeitet werden, haben Sie gem\u00e4\u00df der DSGVO und anderer einschl\u00e4giger Datenschutzvorschriften bestimmte Rechte gegen\u00fcber uns. Der folgende Abschnitt enth\u00e4lt Erl\u00e4uterungen zu Ihren Rechten gem\u00e4\u00df der DSGVO.<\/span><\/p>\n<p><b><span style=\"color: #000000;\">Rechte der betroffenen Personen<br \/>Gem\u00e4\u00df der DSGVO haben Sie als betroffene Person insbesondere folgende Rechte:<br \/>Recht auf Auskunft (Artikel 15 DSGVO):<\/span><\/b><\/p>\n<p><span style=\"color: #000000;\">Sie k\u00f6nnen jederzeit Informationen \u00fcber die von uns \u00fcber Sie gespeicherten Daten anfordern. Diese Informationen umfassen, sind jedoch nicht beschr\u00e4nkt auf, die Kategorien der von uns verarbeiteten Daten, die Zwecke, f\u00fcr die wir diese Daten verarbeitet haben, den Ursprung der Daten, wenn wir sie nicht direkt von Ihnen gesammelt haben, und, falls zutreffend, die Empf\u00e4nger, an die wir Ihre Daten \u00fcbermittelt haben. Sie k\u00f6nnen eine kostenlose Kopie Ihrer Daten anfordern. Wenn Sie daran interessiert sind, zus\u00e4tzliche Kopien zu erhalten, behalten wir uns das Recht vor, Ihnen entsprechende Geb\u00fchren in Rechnung zu stellen.<\/span><\/p>\n<p><b><span style=\"color: #000000;\">Recht auf Berichtigung (Artikel 16 DSGVO):<br \/><\/span><\/b><span style=\"color: #000000;\">Sie k\u00f6nnen uns bitten, Ihre Daten zu berichtigen. Wir ergreifen angemessene Ma\u00dfnahmen, um die Informationen, die wir \u00fcber Sie halten und verarbeiten, auf Grundlage der uns verf\u00fcgbaren aktuellsten Informationen korrekt, vollst\u00e4ndig und aktuell zu halten.<\/span><\/p>\n<p><b><span style=\"color: #000000;\">Recht auf L\u00f6schung (Artikel 17 DSGVO):<br \/><\/span><\/b><span style=\"color: #000000;\">Sie k\u00f6nnen die L\u00f6schung Ihrer Daten beantragen, sofern gesetzliche Voraussetzungen daf\u00fcr vorliegen. Dies kann gem\u00e4\u00df Artikel 17 DSGVO der Fall sein, wenn:<\/span><\/p>\n<ul>\n<li><span style=\"color: #000000;\">Die Daten nicht mehr f\u00fcr die Zwecke erforderlich sind, f\u00fcr die sie erhoben oder anderweitig verarbeitet wurden;<\/span><\/li>\n<li><span style=\"color: #000000;\">Ihre Einwilligung, die die Grundlage der Datenverarbeitung bildet, widerrufen wird und es keine andere rechtliche Grundlage f\u00fcr die Verarbeitung gibt;<\/span><\/li>\n<li><span style=\"color: #000000;\">Sie der Verarbeitung Ihrer Daten widersprechen und es keine \u00fcberwiegenden berechtigten Gr\u00fcnde f\u00fcr die Verarbeitung gibt, oder Sie der Verarbeitung von Daten f\u00fcr Direktmarketingzwecke widersprechen;<\/span><\/li>\n<li><span style=\"color: #000000;\">Die Daten unrechtm\u00e4\u00dfig verarbeitet wurden,<\/span><\/li>\n<\/ul>\n<p><span style=\"color: #000000;\">es sei denn, die Verarbeitung ist erforderlich<\/span><\/p>\n<ul>\n<li><span style=\"color: #000000;\">um die Einhaltung einer rechtlichen Verpflichtung sicherzustellen, die uns zur Verarbeitung Ihrer Daten verpflichtet;<\/span><\/li>\n<li><span style=\"color: #000000;\">insbesondere im Hinblick auf gesetzliche Aufbewahrungsfristen;<\/span><\/li>\n<li><span style=\"color: #000000;\">um rechtliche Anspr\u00fcche durchzusetzen, auszu\u00fcben oder zu verteidigen.<\/span><\/li>\n<\/ul>\n<p><span style=\"color: #000000;\"><b>Recht auf Einschr\u00e4nkung der Verarbeitung (Artikel 18 DSGVO):<br \/><\/b><\/span><span style=\"color: #000000;\">Sie k\u00f6nnen von uns verlangen, die Verarbeitung Ihrer Daten einzuschr\u00e4nken, wenn<\/span><\/p>\n<ul>\n<li><span style=\"color: #000000;\">Sie die Richtigkeit der Daten f\u00fcr die Dauer bestreiten, die wir ben\u00f6tigen, um die Richtigkeit der Daten zu \u00fcberpr\u00fcfen;<\/span><\/li>\n<li><span style=\"color: #000000;\">Die Verarbeitung unrechtm\u00e4\u00dfig ist, Sie jedoch die L\u00f6schung Ihrer Daten ablehnen und stattdessen eine Einschr\u00e4nkung der Nutzung verlangen;<\/span><\/li>\n<li><span style=\"color: #000000;\">Wir Ihre Informationen nicht mehr ben\u00f6tigen, Sie sie jedoch zur Durchsetzung, Aus\u00fcbung oder Verteidigung rechtlicher Anspr\u00fcche ben\u00f6tigen;<\/span><\/li>\n<li><span style=\"color: #000000;\">Sie Widerspruch gegen die Verarbeitung eingelegt haben, solange nicht gekl\u00e4rt ist, ob unsere berechtigten Gr\u00fcnde Ihre \u00fcberwiegen.<\/span><\/li>\n<\/ul>\n<p><b><span style=\"color: #000000;\">Recht auf Daten\u00fcbertragbarkeit (Artikel 20 DSGVO):<br \/><\/span><\/b><span style=\"color: #000000;\">Sie haben das Recht zu verlangen, dass wir Ihre Daten &#8211; soweit technisch m\u00f6glich &#8211; an einen anderen Verantwortlichen \u00fcbertragen. Sie haben jedoch nur dann Anspruch auf dieses Recht, wenn die Datenverarbeitung auf Ihrer Einwilligung beruht oder zur Erf\u00fcllung eines Vertrags erforderlich ist. Anstelle einer Kopie Ihrer Daten k\u00f6nnen Sie uns auch bitten, die Daten direkt an eine von Ihnen bestimmte verantwortliche Person zu \u00fcbertragen.<\/span><\/p>\n<p><b><span style=\"color: #000000;\">Widerspruchsrecht (Artikel 21 DSGVO):<br \/><\/span><\/b><span style=\"color: #000000;\">Sie k\u00f6nnen jederzeit aus Gr\u00fcnden, die sich aus Ihrer besonderen Situation ergeben, gegen die Verarbeitung Ihrer Daten Widerspruch einlegen, wenn die Datenverarbeitung auf Ihrer Einwilligung oder auf unseren berechtigten Interessen oder denen eines Dritten beruht. In diesem Fall werden wir Ihre Daten nicht mehr verarbeiten. Letzteres gilt nicht, wenn wir zwingende berechtigte Gr\u00fcnde f\u00fcr die Verarbeitung vorweisen k\u00f6nnen, die Ihre Interessen \u00fcberwiegen oder wir Ihre Daten ben\u00f6tigen, um rechtliche Anspr\u00fcche durchzusetzen, auszu\u00fcben oder zu verteidigen.<\/span><\/p>\n<p><b><span style=\"color: #000000;\">Fristen f\u00fcr die Erf\u00fcllung von Betroffenenrechten<br \/><\/span><\/b><span style=\"color: #000000;\">Wir bem\u00fchen uns, alle Anfragen innerhalb von 30 Tagen zu erf\u00fcllen. Diese Frist kann jedoch aus Gr\u00fcnden, die sich auf das spezifische Betroffenenrecht oder die Komplexit\u00e4t Ihrer Anfrage beziehen, verl\u00e4ngert werden.<br \/>Beschr\u00e4nkung von Informationen bei der Erf\u00fcllung von Betroffenenrechten<br \/>In bestimmten Situationen k\u00f6nnen wir Ihnen aufgrund gesetzlicher Anforderungen m\u00f6glicherweise keine Informationen zu allen Ihren Daten zur Verf\u00fcgung stellen. Wenn wir Ihre Anfrage in solchen F\u00e4llen ablehnen m\u00fcssen, werden wir Sie zum Zeitpunkt der Ablehnung \u00fcber die Gr\u00fcnde informieren.<\/span><\/p>\n<p><b><span style=\"color: #000000;\">Beschwerden bei Aufsichtsbeh\u00f6rden<br \/><\/span><\/b><span style=\"color: #000000;\">BMW nimmt Ihre Rechte und Anliegen sehr ernst. Wenn Sie jedoch der Meinung sind, dass wir Ihre Beschwerden oder Anliegen nicht angemessen behandelt haben, haben Sie das Recht, sich bei einer zust\u00e4ndigen Datenschutzbeh\u00f6rde zu beschweren.<\/span><\/p>\n<\/div>\n<\/div>\n<p>[\/et_pb_text][\/et_pb_column][\/et_pb_row][\/et_pb_section]<\/p>\n","protected":false},"excerpt":{"rendered":"<p>DATENSCHUTZ. RECHTLICHE INFORMATIONEN ZUM DATENSCHUTZ (DATENSCHUTZHINWEIS). Wir behandeln Ihre Daten nach denselben hohen Standards, die Sie von unseren Produkten und Dienstleistungen erwarten. Die Vertraulichkeit und Integrit\u00e4t Ihrer pers\u00f6nlichen Daten liegen uns besonders am Herzen. WER IST F\u00dcR DIE DATENVERARBEITUNG VERANTWORTLICH? Die Bayerische Motoren Werke Aktiengesellschaft, Petuelring 130, 80788 M\u00fcnchen, Sitz und Registergericht: M\u00fcnchen HRB 42243 [&hellip;]<\/p>\n","protected":false},"author":1,"featured_media":0,"parent":0,"menu_order":0,"comment_status":"closed","ping_status":"closed","template":"","meta":{"_et_pb_use_builder":"on","_et_pb_old_content":"","_et_gb_content_width":"","footnotes":""},"class_list":["post-63","page","type-page","status-publish","hentry"],"_links":{"self":[{"href":"https:\/\/webcast.mini-veranstaltungen.de\/index.php\/wp-json\/wp\/v2\/pages\/63","targetHints":{"allow":["GET"]}}],"collection":[{"href":"https:\/\/webcast.mini-veranstaltungen.de\/index.php\/wp-json\/wp\/v2\/pages"}],"about":[{"href":"https:\/\/webcast.mini-veranstaltungen.de\/index.php\/wp-json\/wp\/v2\/types\/page"}],"author":[{"embeddable":true,"href":"https:\/\/webcast.mini-veranstaltungen.de\/index.php\/wp-json\/wp\/v2\/users\/1"}],"replies":[{"embeddable":true,"href":"https:\/\/webcast.mini-veranstaltungen.de\/index.php\/wp-json\/wp\/v2\/comments?post=63"}],"version-history":[{"count":5,"href":"https:\/\/webcast.mini-veranstaltungen.de\/index.php\/wp-json\/wp\/v2\/pages\/63\/revisions"}],"predecessor-version":[{"id":70,"href":"https:\/\/webcast.mini-veranstaltungen.de\/index.php\/wp-json\/wp\/v2\/pages\/63\/revisions\/70"}],"wp:attachment":[{"href":"https:\/\/webcast.mini-veranstaltungen.de\/index.php\/wp-json\/wp\/v2\/media?parent=63"}],"curies":[{"name":"wp","href":"https:\/\/api.w.org\/{rel}","templated":true}]}}